{"id":310,"date":"2025-01-16T20:32:52","date_gmt":"2025-01-17T02:32:52","guid":{"rendered":"https:\/\/iempac.com\/?page_id=310"},"modified":"2025-01-16T21:04:19","modified_gmt":"2025-01-17T03:04:19","slug":"jovenes-adultos","status":"publish","type":"page","link":"https:\/\/iempac.com\/index.php\/jovenes-adultos\/","title":{"rendered":"J\u00f3venes &amp; Adultos"},"content":{"rendered":"<p>[et_pb_section fb_built=\u00bb1&#8243; theme_builder_area=\u00bbpost_content\u00bb _builder_version=\u00bb4.27.4&#8243; _module_preset=\u00bbdefault\u00bb title_text=\u00bb1-18&#8243; background_image=\u00bbhttps:\/\/iempac.com\/wp-content\/uploads\/2023\/12\/1-18.png\u00bb background_color=\u00bb#C4BEAF\u00bb custom_padding=\u00bb75px||0px||false|false\u00bb hover_enabled=\u00bb0&#8243; sticky_enabled=\u00bb0&#8243; box_shadow_style=\u00bbpreset6&#8243; box_shadow_spread=\u00bb3px\u00bb][et_pb_row _builder_version=\u00bb4.27.4&#8243; _module_preset=\u00bbdefault\u00bb theme_builder_area=\u00bbpost_content\u00bb column_structure=\u00bb1_2,1_2&#8243; custom_padding=\u00bb0px||0px||true|false\u00bb hover_enabled=\u00bb0&#8243; sticky_enabled=\u00bb0&#8243;][et_pb_column _builder_version=\u00bb4.27.4&#8243; _module_preset=\u00bbdefault\u00bb type=\u00bb1_2&#8243; theme_builder_area=\u00bbpost_content\u00bb][et_pb_heading title=\u00bbCLASES DE INGL\u00c9S JOVENES &#038; ADULTOS\u00bb _builder_version=\u00bb4.27.4&#8243; _module_preset=\u00bbdefault\u00bb theme_builder_area=\u00bbpost_content\u00bb title_level=\u00bbh1&#8243; title_font=\u00bbRed Hat Display|800|||||||\u00bb title_font_size=\u00bb45px\u00bb title_line_height=\u00bb1.1em\u00bb title_text_align=\u00bbleft\u00bb hover_enabled=\u00bb0&#8243; sticky_enabled=\u00bb0&#8243; custom_margin=\u00bb75px||||false|false\u00bb][\/et_pb_heading][et_pb_blurb title=\u00bbEDAD PARA TOMAR LAS CLASES\u00bb _builder_version=\u00bb4.27.4&#8243; _module_preset=\u00bbdefault\u00bb theme_builder_area=\u00bbpost_content\u00bb use_icon=\u00bbon\u00bb font_icon=\u00bb&#xf4fc;||fa||900&#8243; icon_color=\u00bb#000000&#8243; icon_placement=\u00bbleft\u00bb header_font=\u00bbRed Hat Display|700|||||||\u00bb header_font_size=\u00bb22px\u00bb body_font=\u00bbRed Hat Display||||||||\u00bb body_text_color=\u00bb#000000&#8243; body_font_size=\u00bb18px\u00bb hover_enabled=\u00bb0&#8243; sticky_enabled=\u00bb0&#8243;]<\/p>\n<p>Desde 14 a\u00f1os en adelante<\/p>\n<p>[\/et_pb_blurb][et_pb_button button_text=\u00bbSolicitar informaci\u00f3n sobre inscripciones\u00bb _builder_version=\u00bb4.27.4&#8243; _module_preset=\u00bbdefault\u00bb theme_builder_area=\u00bbpost_content\u00bb custom_button=\u00bbon\u00bb button_text_color=\u00bb#FFFFFF\u00bb button_bg_color=\u00bb#000000&#8243; button_bg_enable_color=\u00bbon\u00bb button_border_width=\u00bb0px\u00bb button_border_radius=\u00bb100px\u00bb hover_enabled=\u00bb0&#8243; sticky_enabled=\u00bb0&#8243;][\/et_pb_button][\/et_pb_column][et_pb_column _builder_version=\u00bb4.27.4&#8243; _module_preset=\u00bbdefault\u00bb type=\u00bb1_2&#8243; theme_builder_area=\u00bbpost_content\u00bb][et_pb_image src=\u00bbhttps:\/\/iempac.com\/wp-content\/uploads\/2025\/01\/Imagen-jovenesyadultos.png\u00bb _builder_version=\u00bb4.27.4&#8243; _module_preset=\u00bbdefault\u00bb theme_builder_area=\u00bbpost_content\u00bb title_text=\u00bbImagen-jovenesyadultos\u00bb hover_enabled=\u00bb0&#8243; sticky_enabled=\u00bb0&#8243;][\/et_pb_image][\/et_pb_column][\/et_pb_row][\/et_pb_section][et_pb_section fb_built=\u00bb1&#8243; theme_builder_area=\u00bbpost_content\u00bb _builder_version=\u00bb4.27.4&#8243; _module_preset=\u00bbdefault\u00bb custom_padding=\u00bb75px||75px||true|false\u00bb hover_enabled=\u00bb0&#8243; sticky_enabled=\u00bb0&#8243;][et_pb_row _builder_version=\u00bb4.27.4&#8243; _module_preset=\u00bbdefault\u00bb theme_builder_area=\u00bbpost_content\u00bb custom_padding=\u00bb0px||0px||true|false\u00bb hover_enabled=\u00bb0&#8243; sticky_enabled=\u00bb0&#8243;][et_pb_column _builder_version=\u00bb4.27.4&#8243; _module_preset=\u00bbdefault\u00bb type=\u00bb4_4&#8243; theme_builder_area=\u00bbpost_content\u00bb][et_pb_heading title=\u00bb\u00bfCu\u00e1nto dura el curso?\u00bb _builder_version=\u00bb4.27.4&#8243; _module_preset=\u00bbdefault\u00bb theme_builder_area=\u00bbpost_content\u00bb hover_enabled=\u00bb0&#8243; sticky_enabled=\u00bb0&#8243;][\/et_pb_heading][et_pb_text _builder_version=\u00bb4.27.4&#8243; _module_preset=\u00bbdefault\u00bb theme_builder_area=\u00bbpost_content\u00bb text_font=\u00bbRed Hat Display||||||||\u00bb text_font_size=\u00bb18px\u00bb hover_enabled=\u00bb0&#8243; sticky_enabled=\u00bb0&#8243;]<\/p>\n<p>Nuestro curso de ingl\u00e9s est\u00e1 dise\u00f1ado para adaptarse a tus objetivos y ritmo de aprendizaje, con una duraci\u00f3n total de 600 horas divididas en seis niveles. Cada nivel tiene una duraci\u00f3n aproximada de seis meses, lo que te permite completar el curso completo en tres a\u00f1os.<br \/>Los niveles avanzan de forma progresiva: A1 (principiante), A2 (b\u00e1sico), B1 (intermedio), B2 (intermedio alto), C1 (avanzado) y C2 (competencia casi nativa). Este sistema garantiza un aprendizaje s\u00f3lido y gradual, ayud\u00e1ndote a dominar todas las \u00e1reas del idioma. Adem\u00e1s, tienes la flexibilidad de detenerte en el nivel que mejor se ajuste a tus metas, ya sea alcanzar una base conversacional o lograr un dominio avanzado.<\/p>\n<p>[\/et_pb_text][\/et_pb_column][\/et_pb_row][et_pb_row _builder_version=\u00bb4.27.4&#8243; _module_preset=\u00bbdefault\u00bb theme_builder_area=\u00bbpost_content\u00bb column_structure=\u00bb1_3,1_3,1_3&#8243; custom_margin=\u00bb15px||||false|false\u00bb hover_enabled=\u00bb0&#8243; sticky_enabled=\u00bb0&#8243;][et_pb_column _builder_version=\u00bb4.27.4&#8243; _module_preset=\u00bbdefault\u00bb type=\u00bb1_3&#8243; theme_builder_area=\u00bbpost_content\u00bb][et_pb_blurb title=\u00bbA1 | Principiante\u00bb _builder_version=\u00bb4.27.4&#8243; _module_preset=\u00bbdefault\u00bb theme_builder_area=\u00bbpost_content\u00bb use_icon=\u00bbon\u00bb font_icon=\u00bb&#xf111;||fa||900&#8243; icon_color=\u00bb#000000&#8243; icon_placement=\u00bbleft\u00bb header_font=\u00bbRed Hat Display|700|||||||\u00bb header_font_size=\u00bb22px\u00bb body_font=\u00bbRed Hat Display||||||||\u00bb body_text_color=\u00bb#000000&#8243; body_font_size=\u00bb16px\u00bb hover_enabled=\u00bb0&#8243; sticky_enabled=\u00bb0&#8243; image_icon_width=\u00bb25px\u00bb]<\/p>\n<p>Comprender y usar expresiones b\u00e1sicas, presentarte, y comunicarte de manera sencilla en situaciones cotidianas.<br \/><strong>Nivel #1 (6 Meses)<\/strong><\/p>\n<p>[\/et_pb_blurb][et_pb_blurb title=\u00bbA2 | B\u00e1sico\u00bb _builder_version=\u00bb4.27.4&#8243; _module_preset=\u00bbdefault\u00bb theme_builder_area=\u00bbpost_content\u00bb use_icon=\u00bbon\u00bb font_icon=\u00bb&#xf111;||fa||900&#8243; icon_color=\u00bb#000000&#8243; icon_placement=\u00bbleft\u00bb header_font=\u00bbRed Hat Display|700|||||||\u00bb header_font_size=\u00bb22px\u00bb body_font=\u00bbRed Hat Display||||||||\u00bb body_text_color=\u00bb#000000&#8243; body_font_size=\u00bb16px\u00bb sticky_enabled=\u00bb0&#8243; image_icon_width=\u00bb25px\u00bb]<\/p>\n<p>Hablar sobre temas cotidianos, describir experiencias simples y mantener conversaciones breves y estructuradas.<br \/><strong>Nivel #2 (6 Meses)<\/strong><\/p>\n<p>[\/et_pb_blurb][\/et_pb_column][et_pb_column _builder_version=\u00bb4.27.4&#8243; _module_preset=\u00bbdefault\u00bb type=\u00bb1_3&#8243; theme_builder_area=\u00bbpost_content\u00bb][et_pb_blurb title=\u00bbB1 | Intermedio\u00bb _builder_version=\u00bb4.27.4&#8243; _module_preset=\u00bbdefault\u00bb theme_builder_area=\u00bbpost_content\u00bb use_icon=\u00bbon\u00bb font_icon=\u00bb&#xf111;||fa||900&#8243; icon_color=\u00bb#000000&#8243; icon_placement=\u00bbleft\u00bb header_font=\u00bbRed Hat Display|700|||||||\u00bb header_font_size=\u00bb22px\u00bb body_font=\u00bbRed Hat Display||||||||\u00bb body_text_color=\u00bb#000000&#8243; body_font_size=\u00bb16px\u00bb sticky_enabled=\u00bb0&#8243; image_icon_width=\u00bb25px\u00bb hover_enabled=\u00bb0&#8243;]<\/p>\n<p>Expresarte con confianza en temas familiares, escribir textos sencillos y desenvolverte en viajes a pa\u00edses de habla inglesa.<br \/><strong>Nivel #3 (6 Meses)<\/strong><\/p>\n<p>[\/et_pb_blurb][et_pb_blurb title=\u00bbB2 | Intermedio alto\u00bb _builder_version=\u00bb4.27.4&#8243; _module_preset=\u00bbdefault\u00bb theme_builder_area=\u00bbpost_content\u00bb use_icon=\u00bbon\u00bb font_icon=\u00bb&#xf111;||fa||900&#8243; icon_color=\u00bb#000000&#8243; icon_placement=\u00bbleft\u00bb header_font=\u00bbRed Hat Display|700|||||||\u00bb header_font_size=\u00bb22px\u00bb body_font=\u00bbRed Hat Display||||||||\u00bb body_text_color=\u00bb#000000&#8243; body_font_size=\u00bb16px\u00bb sticky_enabled=\u00bb0&#8243; image_icon_width=\u00bb25px\u00bb hover_enabled=\u00bb0&#8243;]<\/p>\n<p>Participar en discusiones m\u00e1s complejas, redactar textos claros y entender ideas principales en temas t\u00e9cnicos o abstractos.<br \/><strong>Nivel #4 (6 Meses)<\/strong><\/p>\n<p>[\/et_pb_blurb][\/et_pb_column][et_pb_column _builder_version=\u00bb4.27.4&#8243; _module_preset=\u00bbdefault\u00bb type=\u00bb1_3&#8243; theme_builder_area=\u00bbpost_content\u00bb][et_pb_blurb title=\u00bbC1 | Avanzado\u00bb _builder_version=\u00bb4.27.4&#8243; _module_preset=\u00bbdefault\u00bb theme_builder_area=\u00bbpost_content\u00bb use_icon=\u00bbon\u00bb font_icon=\u00bb&#xf111;||fa||900&#8243; icon_color=\u00bb#000000&#8243; icon_placement=\u00bbleft\u00bb header_font=\u00bbRed Hat Display|700|||||||\u00bb header_font_size=\u00bb22px\u00bb body_font=\u00bbRed Hat Display||||||||\u00bb body_text_color=\u00bb#000000&#8243; body_font_size=\u00bb16px\u00bb sticky_enabled=\u00bb0&#8243; image_icon_width=\u00bb25px\u00bb hover_enabled=\u00bb0&#8243;]<\/p>\n<p>Hablar con fluidez en contextos acad\u00e9micos o laborales, comprender textos largos y comunicarse con poca dificultad.<br \/><strong>Nivel #5 (6 Meses)<\/strong><\/p>\n<p>[\/et_pb_blurb][et_pb_blurb title=\u00bbC2 | Casi nativo\u00bb _builder_version=\u00bb4.27.4&#8243; _module_preset=\u00bbdefault\u00bb theme_builder_area=\u00bbpost_content\u00bb use_icon=\u00bbon\u00bb font_icon=\u00bb&#xf111;||fa||900&#8243; icon_color=\u00bb#000000&#8243; icon_placement=\u00bbleft\u00bb header_font=\u00bbRed Hat Display|700|||||||\u00bb header_font_size=\u00bb22px\u00bb body_font=\u00bbRed Hat Display||||||||\u00bb body_text_color=\u00bb#000000&#8243; body_font_size=\u00bb16px\u00bb sticky_enabled=\u00bb0&#8243; image_icon_width=\u00bb25px\u00bb hover_enabled=\u00bb0&#8243;]<\/p>\n<p>Dominar el idioma con precisi\u00f3n y naturalidad, tanto en expresiones coloquiales como en contextos formales o especializados.<br \/><strong>Nivel #6 (6 Meses)<\/strong><\/p>\n<p>[\/et_pb_blurb][\/et_pb_column][\/et_pb_row][\/et_pb_section]<\/p>\n","protected":false},"excerpt":{"rendered":"<p>Desde 14 a\u00f1os en adelanteNuestro curso de ingl\u00e9s est\u00e1 dise\u00f1ado para adaptarse a tus objetivos y ritmo de aprendizaje, con una duraci\u00f3n total de 600 horas divididas en seis niveles. Cada nivel tiene una duraci\u00f3n aproximada de seis meses, lo que te permite completar el curso completo en tres a\u00f1os.Los niveles avanzan de forma progresiva: [&hellip;]<\/p>\n","protected":false},"author":1,"featured_media":0,"parent":0,"menu_order":0,"comment_status":"closed","ping_status":"closed","template":"","meta":{"_et_pb_use_builder":"on","_et_pb_old_content":"<!-- wp:divi\/placeholder \/-->","_et_gb_content_width":"","footnotes":""},"class_list":["post-310","page","type-page","status-publish","hentry"],"_links":{"self":[{"href":"https:\/\/iempac.com\/index.php\/wp-json\/wp\/v2\/pages\/310","targetHints":{"allow":["GET"]}}],"collection":[{"href":"https:\/\/iempac.com\/index.php\/wp-json\/wp\/v2\/pages"}],"about":[{"href":"https:\/\/iempac.com\/index.php\/wp-json\/wp\/v2\/types\/page"}],"author":[{"embeddable":true,"href":"https:\/\/iempac.com\/index.php\/wp-json\/wp\/v2\/users\/1"}],"replies":[{"embeddable":true,"href":"https:\/\/iempac.com\/index.php\/wp-json\/wp\/v2\/comments?post=310"}],"version-history":[{"count":4,"href":"https:\/\/iempac.com\/index.php\/wp-json\/wp\/v2\/pages\/310\/revisions"}],"predecessor-version":[{"id":327,"href":"https:\/\/iempac.com\/index.php\/wp-json\/wp\/v2\/pages\/310\/revisions\/327"}],"wp:attachment":[{"href":"https:\/\/iempac.com\/index.php\/wp-json\/wp\/v2\/media?parent=310"}],"curies":[{"name":"wp","href":"https:\/\/api.w.org\/{rel}","templated":true}]}}