{"id":10,"date":"2023-12-12T18:30:25","date_gmt":"2023-12-13T00:30:25","guid":{"rendered":"https:\/\/iempac.com\/?page_id=10"},"modified":"2025-01-18T01:12:54","modified_gmt":"2025-01-18T07:12:54","slug":"inicio","status":"publish","type":"page","link":"https:\/\/iempac.com\/","title":{"rendered":"Inicio"},"content":{"rendered":"<p>[et_pb_section fb_built=\u00bb1&#8243; _builder_version=\u00bb4.27.4&#8243; _module_preset=\u00bbdefault\u00bb background_color=\u00bb#C4BEAF\u00bb background_image=\u00bbhttps:\/\/iempac.com\/wp-content\/uploads\/2025\/01\/Patron-\u2013-Negro@2x.png\u00bb hover_enabled=\u00bb0&#8243; box_shadow_style=\u00bbpreset6&#8243; box_shadow_spread=\u00bb3px\u00bb global_colors_info=\u00bb{}\u00bb title_text=\u00bbPatr\u00f3n \u2013 Negro@2x\u00bb sticky_enabled=\u00bb0&#8243;][et_pb_row column_structure=\u00bb1_2,1_2&#8243; _builder_version=\u00bb4.27.4&#8243; _module_preset=\u00bbdefault\u00bb global_colors_info=\u00bb{}\u00bb][et_pb_column type=\u00bb1_2&#8243; _builder_version=\u00bb4.27.4&#8243; _module_preset=\u00bbdefault\u00bb global_colors_info=\u00bb{}\u00bb][et_pb_text _builder_version=\u00bb4.27.4&#8243; _module_preset=\u00bbdefault\u00bb header_font=\u00bbRed Hat Display|800|||||||\u00bb header_font_size=\u00bb40px\u00bb header_letter_spacing=\u00bb0.3px\u00bb header_line_height=\u00bb1.1em\u00bb hover_enabled=\u00bb0&#8243; global_colors_info=\u00bb{}\u00bb sticky_enabled=\u00bb0&#8243;]<\/p>\n<h1>ESCUELA DE INGL\u00c9S<br \/>EN TEQUILA JALISCO<\/h1>\n<p>[\/et_pb_text][et_pb_image src=\u00bbhttps:\/\/iempac.com\/wp-content\/uploads\/2025\/01\/Linea-\u2013-Speaking-@2x.png\u00bb title_text=\u00bbL\u00ednea \u2013 Speaking @2x\u00bb _builder_version=\u00bb4.27.4&#8243; _module_preset=\u00bbdefault\u00bb custom_margin=\u00bb-25px||||false|false\u00bb hover_enabled=\u00bb0&#8243; global_colors_info=\u00bb{}\u00bb sticky_enabled=\u00bb0&#8243; width=\u00bb90%\u00bb][\/et_pb_image][et_pb_button button_text=\u00bbQuiero inscribirme\u00bb button_alignment=\u00bbleft\u00bb _builder_version=\u00bb4.27.4&#8243; _module_preset=\u00bbdefault\u00bb custom_button=\u00bbon\u00bb button_text_color=\u00bb#FFFFFF\u00bb button_bg_color=\u00bb#000000&#8243; button_border_width=\u00bb0px\u00bb button_border_radius=\u00bb100px\u00bb custom_margin=\u00bb20px||||false|false\u00bb global_colors_info=\u00bb{}\u00bb][\/et_pb_button][\/et_pb_column][et_pb_column type=\u00bb1_2&#8243; _builder_version=\u00bb4.27.4&#8243; _module_preset=\u00bbdefault\u00bb global_colors_info=\u00bb{}\u00bb][\/et_pb_column][\/et_pb_row][\/et_pb_section][et_pb_section fb_built=\u00bb1&#8243; _builder_version=\u00bb4.27.4&#8243; _module_preset=\u00bbdefault\u00bb custom_padding=\u00bb75px||75px||true|false\u00bb global_colors_info=\u00bb{}\u00bb][et_pb_row _builder_version=\u00bb4.27.4&#8243; _module_preset=\u00bbdefault\u00bb custom_padding=\u00bb0px||0px||true|false\u00bb global_colors_info=\u00bb{}\u00bb][et_pb_column type=\u00bb4_4&#8243; _builder_version=\u00bb4.27.4&#8243; _module_preset=\u00bbdefault\u00bb global_colors_info=\u00bb{}\u00bb][et_pb_heading title=\u00bbMetodolog\u00eda \u00bb _builder_version=\u00bb4.27.4&#8243; _module_preset=\u00bbdefault\u00bb title_text_align=\u00bbleft\u00bb title_font_size=\u00bb35px\u00bb global_colors_info=\u00bb{}\u00bb][\/et_pb_heading][et_pb_text _builder_version=\u00bb4.27.4&#8243; _module_preset=\u00bbdefault\u00bb text_font=\u00bbRed Hat Display||||||||\u00bb text_font_size=\u00bb18px\u00bb custom_margin=\u00bb-10px||10px||false|false\u00bb global_colors_info=\u00bb{}\u00bb]<\/p>\n<p>Nuestra metodolog\u00eda se centra en un enfoque comunicativo, dise\u00f1ado para que aprendas ingl\u00e9s de manera pr\u00e1ctica y natural. Este m\u00e9todo, probado y reconocido a nivel mundial, fomenta el uso constante del idioma a trav\u00e9s de conversaciones reales, actividades din\u00e1micas y simulaciones de situaciones cotidianas. Adem\u00e1s, est\u00e1 orientado a desarrollar de forma integral las cuatro competencias clave del idioma:<\/p>\n<p>[\/et_pb_text][\/et_pb_column][\/et_pb_row][et_pb_row column_structure=\u00bb1_4,1_4,1_4,1_4&#8243; use_custom_gutter=\u00bbon\u00bb _builder_version=\u00bb4.27.4&#8243; _module_preset=\u00bbdefault\u00bb custom_padding=\u00bb||0px||false|false\u00bb global_colors_info=\u00bb{}\u00bb][et_pb_column type=\u00bb1_4&#8243; _builder_version=\u00bb4.27.4&#8243; _module_preset=\u00bbdefault\u00bb global_colors_info=\u00bb{}\u00bb][et_pb_blurb title=\u00bbReading\u00bb image=\u00bbhttps:\/\/iempac.com\/wp-content\/uploads\/2025\/01\/Reading-color.png\u00bb icon_placement=\u00bbleft\u00bb image_icon_width=\u00bb35px\u00bb _builder_version=\u00bb4.27.4&#8243; _module_preset=\u00bbdefault\u00bb header_font=\u00bbPacifico||||||||\u00bb header_text_color=\u00bb#FECB00&#8243; header_font_size=\u00bb30px\u00bb body_font=\u00bbRed Hat Display||||||||\u00bb image_icon_custom_margin=\u00bb-5px||||false|false\u00bb image_icon_custom_padding=\u00bb||0px||false|false\u00bb global_colors_info=\u00bb{}\u00bb][\/et_pb_blurb][et_pb_text _builder_version=\u00bb4.27.4&#8243; _module_preset=\u00bbdefault\u00bb text_font=\u00bbRed Hat Display||||||||\u00bb text_font_size=\u00bb16px\u00bb custom_margin=\u00bb-10px||10px||false|false\u00bb global_colors_info=\u00bb{}\u00bb]<\/p>\n<p>Desarrolla la capacidad de comprender textos en ingl\u00e9s, desde frases simples hasta contenido m\u00e1s complejo, mejorando tu vocabulario y comprensi\u00f3n lectora.<\/p>\n<p>[\/et_pb_text][\/et_pb_column][et_pb_column type=\u00bb1_4&#8243; _builder_version=\u00bb4.27.4&#8243; _module_preset=\u00bbdefault\u00bb global_colors_info=\u00bb{}\u00bb][et_pb_blurb title=\u00bbWriting\u00bb image=\u00bbhttps:\/\/iempac.com\/wp-content\/uploads\/2025\/01\/Writing-color.png\u00bb icon_placement=\u00bbleft\u00bb image_icon_width=\u00bb35px\u00bb _builder_version=\u00bb4.27.4&#8243; _module_preset=\u00bbdefault\u00bb header_font=\u00bbPacifico||||||||\u00bb header_text_color=\u00bb#5059A2&#8243; header_font_size=\u00bb30px\u00bb body_font=\u00bbRed Hat Display||||||||\u00bb image_icon_custom_margin=\u00bb-5px||||false|false\u00bb image_icon_custom_padding=\u00bb||0px||false|false\u00bb global_colors_info=\u00bb{}\u00bb][\/et_pb_blurb][et_pb_text _builder_version=\u00bb4.27.4&#8243; _module_preset=\u00bbdefault\u00bb text_font=\u00bbRed Hat Display||||||||\u00bb text_font_size=\u00bb16px\u00bb custom_margin=\u00bb-10px||10px||false|false\u00bb global_colors_info=\u00bb{}\u00bb]<\/p>\n<p>Aprende a expresar tus ideas de forma clara y estructurada en ingl\u00e9s, trabajando desde la escritura b\u00e1sica hasta la redacci\u00f3n avanzada.<\/p>\n<p>[\/et_pb_text][\/et_pb_column][et_pb_column type=\u00bb1_4&#8243; _builder_version=\u00bb4.27.4&#8243; _module_preset=\u00bbdefault\u00bb global_colors_info=\u00bb{}\u00bb][et_pb_blurb title=\u00bbListening\u00bb image=\u00bbhttps:\/\/iempac.com\/wp-content\/uploads\/2025\/01\/Listening-color.png\u00bb icon_placement=\u00bbleft\u00bb image_icon_width=\u00bb38px\u00bb _builder_version=\u00bb4.27.4&#8243; _module_preset=\u00bbdefault\u00bb header_font=\u00bbPacifico||||||||\u00bb header_text_color=\u00bb#66C0C0&#8243; header_font_size=\u00bb30px\u00bb body_font=\u00bbRed Hat Display||||||||\u00bb image_icon_custom_margin=\u00bb0px||||false|false\u00bb image_icon_custom_padding=\u00bb||0px||false|false\u00bb global_colors_info=\u00bb{}\u00bb][\/et_pb_blurb][et_pb_text _builder_version=\u00bb4.27.4&#8243; _module_preset=\u00bbdefault\u00bb text_font=\u00bbRed Hat Display||||||||\u00bb text_font_size=\u00bb16px\u00bb custom_margin=\u00bb-10px||10px||false|false\u00bb global_colors_info=\u00bb{}\u00bb]<\/p>\n<p>Mejora tu habilidad para entender el ingl\u00e9s hablado en diferentes contextos, perfeccionando tu comprensi\u00f3n auditiva.<\/p>\n<p>[\/et_pb_text][\/et_pb_column][et_pb_column type=\u00bb1_4&#8243; _builder_version=\u00bb4.27.4&#8243; _module_preset=\u00bbdefault\u00bb global_colors_info=\u00bb{}\u00bb][et_pb_blurb title=\u00bbSpeaking\u00bb image=\u00bbhttps:\/\/iempac.com\/wp-content\/uploads\/2025\/01\/Speaking-color.png\u00bb icon_placement=\u00bbleft\u00bb image_icon_width=\u00bb38px\u00bb _builder_version=\u00bb4.27.4&#8243; _module_preset=\u00bbdefault\u00bb header_font=\u00bbPacifico||||||||\u00bb header_text_color=\u00bb#E31C46&#8243; header_font_size=\u00bb30px\u00bb body_font=\u00bbRed Hat Display||||||||\u00bb image_icon_custom_margin=\u00bb0px||||false|false\u00bb image_icon_custom_padding=\u00bb||0px||false|false\u00bb global_colors_info=\u00bb{}\u00bb][\/et_pb_blurb][et_pb_text _builder_version=\u00bb4.27.4&#8243; _module_preset=\u00bbdefault\u00bb text_font=\u00bbRed Hat Display||||||||\u00bb text_font_size=\u00bb16px\u00bb custom_margin=\u00bb-10px||10px||false|false\u00bb global_colors_info=\u00bb{}\u00bb]<\/p>\n<p>Fortalece tu confianza y fluidez al comunicarte en ingl\u00e9s, practicando pronunciaci\u00f3n, entonaci\u00f3n y expresi\u00f3n oral en situaciones reales.<\/p>\n<p>[\/et_pb_text][\/et_pb_column][\/et_pb_row][\/et_pb_section][et_pb_section fb_built=\u00bb1&#8243; _builder_version=\u00bb4.27.4&#8243; _module_preset=\u00bbdefault\u00bb background_color=\u00bb#C4BEAF\u00bb background_image=\u00bbhttps:\/\/iempac.com\/wp-content\/uploads\/2025\/01\/Patron-\u2013-Negro@2x.png\u00bb custom_padding=\u00bb0px||0px||true|false\u00bb hover_enabled=\u00bb0&#8243; box_shadow_style=\u00bbpreset6&#8243; box_shadow_spread=\u00bb3px\u00bb global_colors_info=\u00bb{}\u00bb title_text=\u00bbPatr\u00f3n \u2013 Negro@2x\u00bb sticky_enabled=\u00bb0&#8243;][et_pb_row column_structure=\u00bb1_3,1_3,1_3&#8243; use_custom_gutter=\u00bbon\u00bb gutter_width=\u00bb1&#8243; make_equal=\u00bbon\u00bb _builder_version=\u00bb4.27.4&#8243; _module_preset=\u00bbdefault\u00bb width=\u00bb100%\u00bb max_width=\u00bb2560px\u00bb custom_padding=\u00bb0px||0px||false|false\u00bb global_colors_info=\u00bb{}\u00bb][et_pb_column type=\u00bb1_3&#8243; _builder_version=\u00bb4.27.4&#8243; _module_preset=\u00bbdefault\u00bb custom_padding=\u00bb50px|50px||50px|false|true\u00bb global_colors_info=\u00bb{}\u00bb][et_pb_heading title=\u00bbJOVENES &#038; ADULTOS\u00bb _builder_version=\u00bb4.27.4&#8243; _module_preset=\u00bbdefault\u00bb title_font_size=\u00bb30px\u00bb global_colors_info=\u00bb{}\u00bb][\/et_pb_heading][et_pb_text _builder_version=\u00bb4.27.4&#8243; _module_preset=\u00bbdefault\u00bb text_font=\u00bbRed Hat Display||||||||\u00bb text_text_color=\u00bb#000000&#8243; text_font_size=\u00bb18px\u00bb text_orientation=\u00bbcenter\u00bb custom_margin=\u00bb10px||||false|false\u00bb global_colors_info=\u00bb{}\u00bb]<\/p>\n<p><strong>Edad:<\/strong> De 14 a\u00f1os en adelante<\/p>\n<p>[\/et_pb_text][et_pb_button button_url=\u00bbhttps:\/\/iempac.com\/index.php\/jovenes-adultos\/\u00bb button_text=\u00bbM\u00e1s informaci\u00f3n\u00bb button_alignment=\u00bbcenter\u00bb _builder_version=\u00bb4.27.4&#8243; _module_preset=\u00bbdefault\u00bb custom_button=\u00bbon\u00bb button_text_color=\u00bb#FFFFFF\u00bb button_bg_color=\u00bb#000000&#8243; button_border_width=\u00bb0px\u00bb button_border_radius=\u00bb100px\u00bb custom_margin=\u00bb20px||||false|false\u00bb hover_enabled=\u00bb0&#8243; global_colors_info=\u00bb{}\u00bb sticky_enabled=\u00bb0&#8243;][\/et_pb_button][et_pb_image src=\u00bbhttps:\/\/iempac.com\/wp-content\/uploads\/2025\/01\/Imagen-jovenesyadultos.png\u00bb title_text=\u00bbImagen-jovenesyadultos\u00bb _builder_version=\u00bb4.27.4&#8243; _module_preset=\u00bbdefault\u00bb hover_enabled=\u00bb0&#8243; global_colors_info=\u00bb{}\u00bb custom_margin=\u00bb10px||||false|false\u00bb sticky_enabled=\u00bb0&#8243;][\/et_pb_image][\/et_pb_column][et_pb_column type=\u00bb1_3&#8243; _builder_version=\u00bb4.27.4&#8243; _module_preset=\u00bbdefault\u00bb custom_padding=\u00bb50px|50px||50px|false|true\u00bb global_colors_info=\u00bb{}\u00bb][et_pb_heading title=\u00bbJUNIOR\u00b4R\u00bb _builder_version=\u00bb4.27.4&#8243; _module_preset=\u00bbdefault\u00bb title_font_size=\u00bb30px\u00bb global_colors_info=\u00bb{}\u00bb][\/et_pb_heading][et_pb_text _builder_version=\u00bb4.27.4&#8243; _module_preset=\u00bbdefault\u00bb text_font=\u00bbRed Hat Display||||||||\u00bb text_text_color=\u00bb#000000&#8243; text_font_size=\u00bb18px\u00bb text_orientation=\u00bbcenter\u00bb custom_margin=\u00bb10px||||false|false\u00bb global_colors_info=\u00bb{}\u00bb]<\/p>\n<p><strong>Edad:<\/strong> De 8 a\u00f1os a 13 a\u00f1os<\/p>\n<p>[\/et_pb_text][et_pb_button button_text=\u00bbM\u00e1s informaci\u00f3n\u00bb button_alignment=\u00bbcenter\u00bb _builder_version=\u00bb4.27.4&#8243; _module_preset=\u00bbdefault\u00bb custom_button=\u00bbon\u00bb button_text_color=\u00bb#FFFFFF\u00bb button_bg_color=\u00bb#E31C46&#8243; button_border_width=\u00bb0px\u00bb button_border_radius=\u00bb100px\u00bb custom_margin=\u00bb20px||||false|false\u00bb global_colors_info=\u00bb{}\u00bb][\/et_pb_button][et_pb_image src=\u00bbhttps:\/\/iempac.com\/wp-content\/uploads\/2025\/01\/Imagen-juniors.png\u00bb title_text=\u00bbImagen-juniors\u00bb _builder_version=\u00bb4.27.4&#8243; _module_preset=\u00bbdefault\u00bb global_colors_info=\u00bb{}\u00bb custom_margin=\u00bb10px||||false|false\u00bb][\/et_pb_image][\/et_pb_column][et_pb_column type=\u00bb1_3&#8243; _builder_version=\u00bb4.27.4&#8243; _module_preset=\u00bbdefault\u00bb custom_padding=\u00bb50px|50px||50px|false|true\u00bb global_colors_info=\u00bb{}\u00bb][et_pb_heading title=\u00bbPREESCOLAR\u00bb _builder_version=\u00bb4.27.4&#8243; _module_preset=\u00bbdefault\u00bb title_font_size=\u00bb30px\u00bb global_colors_info=\u00bb{}\u00bb][\/et_pb_heading][et_pb_text _builder_version=\u00bb4.27.4&#8243; _module_preset=\u00bbdefault\u00bb text_font=\u00bbRed Hat Display||||||||\u00bb text_text_color=\u00bb#000000&#8243; text_font_size=\u00bb18px\u00bb text_orientation=\u00bbcenter\u00bb custom_margin=\u00bb10px||||false|false\u00bb global_colors_info=\u00bb{}\u00bb]<\/p>\n<p><strong>Edad:<\/strong> De 4 a\u00f1os a 7 a\u00f1os<\/p>\n<p>[\/et_pb_text][et_pb_button button_text=\u00bbM\u00e1s informaci\u00f3n\u00bb button_alignment=\u00bbcenter\u00bb _builder_version=\u00bb4.27.4&#8243; _module_preset=\u00bbdefault\u00bb custom_button=\u00bbon\u00bb button_text_color=\u00bb#FFFFFF\u00bb button_bg_color=\u00bb#5059A2&#8243; button_border_width=\u00bb0px\u00bb button_border_radius=\u00bb100px\u00bb custom_margin=\u00bb20px||||false|false\u00bb global_colors_info=\u00bb{}\u00bb][\/et_pb_button][et_pb_image src=\u00bbhttps:\/\/iempac.com\/wp-content\/uploads\/2025\/01\/Imagen-preescolar.png\u00bb title_text=\u00bbImagen-preescolar\u00bb _builder_version=\u00bb4.27.4&#8243; _module_preset=\u00bbdefault\u00bb global_colors_info=\u00bb{}\u00bb custom_margin=\u00bb10px||||false|false\u00bb][\/et_pb_image][\/et_pb_column][\/et_pb_row][\/et_pb_section][et_pb_section fb_built=\u00bb1&#8243; _builder_version=\u00bb4.27.4&#8243; _module_preset=\u00bbdefault\u00bb custom_padding=\u00bb75px||75px||true|false\u00bb global_colors_info=\u00bb{}\u00bb][et_pb_row column_structure=\u00bb1_2,1_2&#8243; _builder_version=\u00bb4.27.4&#8243; _module_preset=\u00bbdefault\u00bb custom_padding=\u00bb0px||0px||true|false\u00bb global_colors_info=\u00bb{}\u00bb][et_pb_column type=\u00bb1_2&#8243; _builder_version=\u00bb4.27.4&#8243; _module_preset=\u00bbdefault\u00bb global_colors_info=\u00bb{}\u00bb][et_pb_heading title=\u00bb\u00bfPor qu\u00e9 aprender ingl\u00e9s en Iempac?\u00bb _builder_version=\u00bb4.27.4&#8243; _module_preset=\u00bbdefault\u00bb title_text_align=\u00bbleft\u00bb title_font_size=\u00bb35px\u00bb global_colors_info=\u00bb{}\u00bb][\/et_pb_heading][et_pb_blurb title=\u00bbExamen de ubicaci\u00f3n gratuito\u00bb use_icon=\u00bbon\u00bb font_icon=\u00bb&#xe059;||divi||400&#8243; icon_color=\u00bb#000000&#8243; icon_placement=\u00bbleft\u00bb image_icon_width=\u00bb30px\u00bb _builder_version=\u00bb4.27.4&#8243; _module_preset=\u00bbdefault\u00bb header_font=\u00bbRed Hat Display|600|||||||\u00bb header_font_size=\u00bb22px\u00bb body_font=\u00bbRed Hat Display||||||||\u00bb body_font_size=\u00bb16px\u00bb image_icon_custom_margin=\u00bb-5px||||false|false\u00bb image_icon_custom_padding=\u00bb||0px||false|false\u00bb global_colors_info=\u00bb{}\u00bb]<\/p>\n<p>Identificamos tu nivel de ingl\u00e9s para asignarte al grupo adecuado.<\/p>\n<p>[\/et_pb_blurb][et_pb_blurb title=\u00bbClases 100% presenciales \u00bb use_icon=\u00bbon\u00bb font_icon=\u00bb&#xf549;||fa||900&#8243; icon_color=\u00bb#000000&#8243; icon_placement=\u00bbleft\u00bb image_icon_width=\u00bb30px\u00bb _builder_version=\u00bb4.27.4&#8243; _module_preset=\u00bbdefault\u00bb header_font=\u00bbRed Hat Display|600|||||||\u00bb header_font_size=\u00bb22px\u00bb body_font=\u00bbRed Hat Display||||||||\u00bb body_font_size=\u00bb16px\u00bb image_icon_custom_margin=\u00bb-5px||||false|false\u00bb image_icon_custom_padding=\u00bb||0px||false|false\u00bb global_colors_info=\u00bb{}\u00bb]<\/p>\n<p>Aprende en un entorno din\u00e1mico y colaborativo cara a cara.<\/p>\n<p>[\/et_pb_blurb][et_pb_blurb title=\u00bbProfesores  calificados\u00bb use_icon=\u00bbon\u00bb font_icon=\u00bb&#xf51c;||fa||900&#8243; icon_color=\u00bb#000000&#8243; icon_placement=\u00bbleft\u00bb image_icon_width=\u00bb30px\u00bb _builder_version=\u00bb4.27.4&#8243; _module_preset=\u00bbdefault\u00bb header_font=\u00bbRed Hat Display|600|||||||\u00bb header_font_size=\u00bb22px\u00bb body_font=\u00bbRed Hat Display||||||||\u00bb body_font_size=\u00bb16px\u00bb image_icon_custom_margin=\u00bb-5px||||false|false\u00bb image_icon_custom_padding=\u00bb||0px||false|false\u00bb global_colors_info=\u00bb{}\u00bb]<\/p>\n<p>Docentes expertos que garantizan un aprendizaje de calidad.<\/p>\n<p>[\/et_pb_blurb][et_pb_blurb title=\u00bbAulas interactivas\u00bb use_icon=\u00bbon\u00bb font_icon=\u00bb&#xf51b;||fa||900&#8243; icon_color=\u00bb#000000&#8243; icon_placement=\u00bbleft\u00bb image_icon_width=\u00bb30px\u00bb _builder_version=\u00bb4.27.4&#8243; _module_preset=\u00bbdefault\u00bb header_font=\u00bbRed Hat Display|600|||||||\u00bb header_font_size=\u00bb22px\u00bb body_font=\u00bbRed Hat Display||||||||\u00bb body_font_size=\u00bb16px\u00bb image_icon_custom_margin=\u00bb-5px||||false|false\u00bb image_icon_custom_padding=\u00bb||0px||false|false\u00bb global_colors_info=\u00bb{}\u00bb]<\/p>\n<p>Tecnolog\u00eda avanzada para una experiencia educativa m\u00e1s pr\u00e1ctica.<\/p>\n<p>[\/et_pb_blurb][et_pb_blurb title=\u00bbTriple certificaci\u00f3n \u00bb use_icon=\u00bbon\u00bb font_icon=\u00bb&#xf19d;||fa||900&#8243; icon_color=\u00bb#000000&#8243; icon_placement=\u00bbleft\u00bb image_icon_width=\u00bb30px\u00bb _builder_version=\u00bb4.27.4&#8243; _module_preset=\u00bbdefault\u00bb header_font=\u00bbRed Hat Display|600|||||||\u00bb header_font_size=\u00bb22px\u00bb body_font=\u00bbRed Hat Display||||||||\u00bb body_font_size=\u00bb16px\u00bb image_icon_custom_margin=\u00bb-5px||||false|false\u00bb image_icon_custom_padding=\u00bb||0px||false|false\u00bb global_colors_info=\u00bb{}\u00bb]<\/p>\n<p>Preparamos para TOEFL (M\u00ednimo 480 puntos o repites curso completamente gratis), CENNI y ELASH con est\u00e1ndares internacionales.<\/p>\n<p>[\/et_pb_blurb][\/et_pb_column][et_pb_column type=\u00bb1_2&#8243; _builder_version=\u00bb4.27.4&#8243; _module_preset=\u00bbdefault\u00bb global_colors_info=\u00bb{}\u00bb][\/et_pb_column][\/et_pb_row][\/et_pb_section][et_pb_section fb_built=\u00bb1&#8243; _builder_version=\u00bb4.27.4&#8243; _module_preset=\u00bbdefault\u00bb background_color=\u00bb#C4BEAF\u00bb background_image=\u00bbhttps:\/\/iempac.com\/wp-content\/uploads\/2025\/01\/Patron-\u2013-Negro@2x.png\u00bb custom_padding=\u00bb0px||0px||true|false\u00bb hover_enabled=\u00bb0&#8243; box_shadow_style=\u00bbpreset6&#8243; box_shadow_spread=\u00bb3px\u00bb global_colors_info=\u00bb{}\u00bb title_text=\u00bbPatr\u00f3n \u2013 Negro@2x\u00bb sticky_enabled=\u00bb0&#8243;][et_pb_row column_structure=\u00bb1_3,1_3,1_3&#8243; _builder_version=\u00bb4.27.4&#8243; _module_preset=\u00bbdefault\u00bb global_colors_info=\u00bb{}\u00bb][et_pb_column type=\u00bb1_3&#8243; _builder_version=\u00bb4.27.4&#8243; _module_preset=\u00bbdefault\u00bb global_colors_info=\u00bb{}\u00bb][et_pb_number_counter title=\u00bbDE EXPERIENCIA \u00bb number=\u00bb+30 a\u00f1os\u00bb percent_sign=\u00bboff\u00bb _builder_version=\u00bb4.27.4&#8243; _module_preset=\u00bbdefault\u00bb title_font=\u00bbRed Hat Display|700|||||||\u00bb title_font_size=\u00bb25px\u00bb number_font=\u00bbRed Hat Display|800|||||||\u00bb number_text_color=\u00bb#E31C46&#8243; number_font_size=\u00bb60px\u00bb global_colors_info=\u00bb{}\u00bb][\/et_pb_number_counter][\/et_pb_column][et_pb_column type=\u00bb1_3&#8243; _builder_version=\u00bb4.27.4&#8243; _module_preset=\u00bbdefault\u00bb global_colors_info=\u00bb{}\u00bb][et_pb_number_counter title=\u00bbALUMNOS GRADUADOS\u00bb number=\u00bb+5,000&#8243; percent_sign=\u00bboff\u00bb _builder_version=\u00bb4.27.4&#8243; _module_preset=\u00bbdefault\u00bb title_font=\u00bbRed Hat Display|700|||||||\u00bb title_font_size=\u00bb25px\u00bb number_font=\u00bbRed Hat Display|800|||||||\u00bb number_text_color=\u00bb#5059A2&#8243; number_font_size=\u00bb60px\u00bb global_colors_info=\u00bb{}\u00bb][\/et_pb_number_counter][\/et_pb_column][et_pb_column type=\u00bb1_3&#8243; _builder_version=\u00bb4.27.4&#8243; _module_preset=\u00bbdefault\u00bb global_colors_info=\u00bb{}\u00bb][\/et_pb_column][\/et_pb_row][\/et_pb_section][et_pb_section fb_built=\u00bb1&#8243; _builder_version=\u00bb4.27.4&#8243; _module_preset=\u00bbdefault\u00bb hover_enabled=\u00bb0&#8243; global_colors_info=\u00bb{}\u00bb title_text=\u00bbPatr\u00f3n \u2013 Color @2x\u00bb background_enable_image=\u00bboff\u00bb sticky_enabled=\u00bb0&#8243;][et_pb_row column_structure=\u00bb1_2,1_2&#8243; _builder_version=\u00bb4.27.4&#8243; _module_preset=\u00bbdefault\u00bb global_colors_info=\u00bb{}\u00bb][et_pb_column type=\u00bb1_2&#8243; _builder_version=\u00bb4.27.4&#8243; _module_preset=\u00bbdefault\u00bb global_colors_info=\u00bb{}\u00bb][et_pb_testimonial author=\u00bbEl nombre va aqu\u00ed\u00bb portrait_url=\u00bbdata:image\/svg+xml;base64,PHN2ZyB3aWR0aD0iNTAwIiBoZWlnaHQ9IjUwMCIgdmlld0JveD0iMCAwIDUwMCA1MDAiIHhtbG5zPSJodHRwOi8vd3d3LnczLm9yZy8yMDAwL3N2ZyI+CiAgICA8ZyBmaWxsPSJub25lIiBmaWxsLXJ1bGU9ImV2ZW5vZGQiPgogICAgICAgIDxwYXRoIGZpbGw9IiNFQkVCRUIiIGQ9Ik0wIDBoNTAwdjUwMEgweiIvPgogICAgICAgIDxyZWN0IGZpbGwtb3BhY2l0eT0iLjEiIGZpbGw9IiMwMDAiIHg9IjY4IiB5PSIzMDUiIHdpZHRoPSIzNjQiIGhlaWdodD0iNTY4IiByeD0iMTgyIi8+CiAgICAgICAgPGNpcmNsZSBmaWxsLW9wYWNpdHk9Ii4xIiBmaWxsPSIjMDAwIiBjeD0iMjQ5IiBjeT0iMTcyIiByPSIxMDAiLz4KICAgIDwvZz4KPC9zdmc+Cg==\u00bb _builder_version=\u00bb4.27.4&#8243; _module_preset=\u00bbdefault\u00bb global_colors_info=\u00bb{}\u00bb]<\/p>\n<p>Your content goes here. Edit or remove this text inline or in the module Content settings. You can also style every aspect of this content in the module Design settings and even apply custom CSS to this text in the module Advanced settings.<\/p>\n<p>[\/et_pb_testimonial][\/et_pb_column][et_pb_column type=\u00bb1_2&#8243; _builder_version=\u00bb4.27.4&#8243; _module_preset=\u00bbdefault\u00bb global_colors_info=\u00bb{}\u00bb][et_pb_testimonial author=\u00bbEl nombre va aqu\u00ed\u00bb portrait_url=\u00bbdata:image\/svg+xml;base64,PHN2ZyB3aWR0aD0iNTAwIiBoZWlnaHQ9IjUwMCIgdmlld0JveD0iMCAwIDUwMCA1MDAiIHhtbG5zPSJodHRwOi8vd3d3LnczLm9yZy8yMDAwL3N2ZyI+CiAgICA8ZyBmaWxsPSJub25lIiBmaWxsLXJ1bGU9ImV2ZW5vZGQiPgogICAgICAgIDxwYXRoIGZpbGw9IiNFQkVCRUIiIGQ9Ik0wIDBoNTAwdjUwMEgweiIvPgogICAgICAgIDxyZWN0IGZpbGwtb3BhY2l0eT0iLjEiIGZpbGw9IiMwMDAiIHg9IjY4IiB5PSIzMDUiIHdpZHRoPSIzNjQiIGhlaWdodD0iNTY4IiByeD0iMTgyIi8+CiAgICAgICAgPGNpcmNsZSBmaWxsLW9wYWNpdHk9Ii4xIiBmaWxsPSIjMDAwIiBjeD0iMjQ5IiBjeT0iMTcyIiByPSIxMDAiLz4KICAgIDwvZz4KPC9zdmc+Cg==\u00bb _builder_version=\u00bb4.27.4&#8243; _module_preset=\u00bbdefault\u00bb global_colors_info=\u00bb{}\u00bb]<\/p>\n<p>Your content goes here. Edit or remove this text inline or in the module Content settings. You can also style every aspect of this content in the module Design settings and even apply custom CSS to this text in the module Advanced settings.<\/p>\n<p>[\/et_pb_testimonial][\/et_pb_column][\/et_pb_row][\/et_pb_section]<\/p>\n","protected":false},"excerpt":{"rendered":"<p>ESCUELA DE INGL\u00c9SEN TEQUILA JALISCONuestra metodolog\u00eda se centra en un enfoque comunicativo, dise\u00f1ado para que aprendas ingl\u00e9s de manera pr\u00e1ctica y natural. Este m\u00e9todo, probado y reconocido a nivel mundial, fomenta el uso constante del idioma a trav\u00e9s de conversaciones reales, actividades din\u00e1micas y simulaciones de situaciones cotidianas. Adem\u00e1s, est\u00e1 orientado a desarrollar de forma [&hellip;]<\/p>\n","protected":false},"author":1,"featured_media":0,"parent":0,"menu_order":0,"comment_status":"closed","ping_status":"closed","template":"","meta":{"_et_pb_use_builder":"on","_et_pb_old_content":"<!-- wp:divi\/placeholder \/-->","_et_gb_content_width":"","footnotes":""},"class_list":["post-10","page","type-page","status-publish","hentry"],"_links":{"self":[{"href":"https:\/\/iempac.com\/index.php\/wp-json\/wp\/v2\/pages\/10","targetHints":{"allow":["GET"]}}],"collection":[{"href":"https:\/\/iempac.com\/index.php\/wp-json\/wp\/v2\/pages"}],"about":[{"href":"https:\/\/iempac.com\/index.php\/wp-json\/wp\/v2\/types\/page"}],"author":[{"embeddable":true,"href":"https:\/\/iempac.com\/index.php\/wp-json\/wp\/v2\/users\/1"}],"replies":[{"embeddable":true,"href":"https:\/\/iempac.com\/index.php\/wp-json\/wp\/v2\/comments?post=10"}],"version-history":[{"count":45,"href":"https:\/\/iempac.com\/index.php\/wp-json\/wp\/v2\/pages\/10\/revisions"}],"predecessor-version":[{"id":355,"href":"https:\/\/iempac.com\/index.php\/wp-json\/wp\/v2\/pages\/10\/revisions\/355"}],"wp:attachment":[{"href":"https:\/\/iempac.com\/index.php\/wp-json\/wp\/v2\/media?parent=10"}],"curies":[{"name":"wp","href":"https:\/\/api.w.org\/{rel}","templated":true}]}}